{"id":873,"date":"2023-09-20T17:02:16","date_gmt":"2023-09-20T15:02:16","guid":{"rendered":"https:\/\/voiliernana.fr\/?page_id=873"},"modified":"2023-09-26T21:07:28","modified_gmt":"2023-09-26T19:07:28","slug":"un-pilote-automatique-open-source-a-faible-cout-partie-3","status":"publish","type":"page","link":"https:\/\/voiliernana.fr\/index.php\/un-pilote-automatique-open-source-a-faible-cout-partie-3\/","title":{"rendered":"Un Pilote automatique Open Source \u00e0 faible co\u00fbt Partie 3"},"content":{"rendered":"\n<p>Essais en conditions r\u00e9elles en mer de deux solutions PyPilot (solution peu couteuse open source de contr\u00f4le de pilote automatique) : une bas\u00e9e sur un RaspBerry PI4 et une bas\u00e9e sur un RaspBerry PI0 int\u00e9gr\u00e9 \u00e0 une carte \u00ab\u00a0Hat\u00a0\u00bb. Ces deux solutions int\u00e8grent la m\u00eame carte de contr\u00f4le de puissance vers le moteur du pilote.<\/p>\n\n\n\n<p>La partie \u00e9lectronique contr\u00f4le du moteur  bas\u00e9e sur un IBT-2 (Pont H) et un arduino nano que j&rsquo;avais bricol\u00e9 et configur\u00e9 moi m\u00eame ne m&rsquo;a pas donn\u00e9 enti\u00e8re satisfaction lors des premiers essais en mer avec un vent aux alentours de 20 noeuds. Mais je continuerai des essais l\u00e0 dessus plus tard. Ayant re\u00e7u entre temps la carte \u00e9lectronique de contr\u00f4le vers le moteur (\u00e0 60 \u20ac) bas\u00e9e sur un arduino nano et un pont H command\u00e9e sur le site <a href=\"https:\/\/pypilot.org\/\" target=\"_blank\" rel=\"noreferrer noopener\" title=\"PyPilot\">PyPilot<\/a>, j&rsquo;ai install\u00e9 cette carte avec mon Raspberry PI 4 et mon capteur inertiel d\u00e9j\u00e0 enti\u00e8rement configur\u00e9s avec OpenPlotter. (Pour OpenPlotter voir premier article: <a href=\"https:\/\/voiliernana.fr\/index.php\/un-pilote-automatique-open-source-a-faible-cout\/\" target=\"_blank\" rel=\"noreferrer noopener\" title=\"Un pilote automatique Open Source \u00e0 faible co\u00fbt \">Un pilote automatique Open Source \u00e0 faible co\u00fbt <\/a>)<\/p>\n\n\n\n<p>Lors de tous ces essais et tests, un grand merci au voilier Colibri qui suivait la m\u00eame route que nous (A\u00e7ores &#8211; Canaries) et qui m&rsquo;a permis de mieux comprendre tous les r\u00e9glages du PyPilot et son \u00e9lectronique. Sa cha\u00eene YouTube est une mine d&rsquo;informations techniques et l\u00e0 plus particuli\u00e8rement sa solution PyPilot qu&rsquo;il a install\u00e9 sur son voilier de 15 m\u00e8tres qu&rsquo;il utilise comme syst\u00e8me de pilote automatique principal et qui lui donne enti\u00e8re satisfaction. <a href=\"https:\/\/youtu.be\/3yLxxTN1jco\" target=\"_blank\" rel=\"noreferrer noopener\" title=\"Lien vers la cette video.\">Lien vers la cette video.<\/a><\/p>\n\n\n\n<p><strong>Ma configuration PyPilot<\/strong><\/p>\n\n\n\n<figure class=\"wp-block-image size-large\"><img loading=\"lazy\" decoding=\"async\" width=\"1024\" height=\"576\" src=\"https:\/\/voiliernana.fr\/wp-content\/uploads\/2023\/09\/maConfigPiPilot-1-1024x576.jpg\" alt=\"\" class=\"wp-image-970\" srcset=\"https:\/\/voiliernana.fr\/wp-content\/uploads\/2023\/09\/maConfigPiPilot-1-1024x576.jpg 1024w, https:\/\/voiliernana.fr\/wp-content\/uploads\/2023\/09\/maConfigPiPilot-1-300x169.jpg 300w, https:\/\/voiliernana.fr\/wp-content\/uploads\/2023\/09\/maConfigPiPilot-1-768x432.jpg 768w, https:\/\/voiliernana.fr\/wp-content\/uploads\/2023\/09\/maConfigPiPilot-1-1536x864.jpg 1536w, https:\/\/voiliernana.fr\/wp-content\/uploads\/2023\/09\/maConfigPiPilot-1-2048x1152.jpg 2048w, https:\/\/voiliernana.fr\/wp-content\/uploads\/2023\/09\/maConfigPiPilot-1-1568x882.jpg 1568w\" sizes=\"(max-width: 1024px) 100vw, 1024px\" \/><\/figure>\n\n\n\n<p>Cette carte PyPilot de contr\u00f4le de puissance vers le moteur int\u00e8gre aussi un Pont H et un arduino Nano. Branchement de cette carte de contr\u00f4le vers le moteur du pilote au Raspberry PI 4.<\/p>\n\n\n\n<p><strong>Les Branchements<\/strong><\/p>\n\n\n\n<p><strong>Carte Ctrl moteur <\/strong>_______ <strong>RaspBerry PI4<\/strong><\/p>\n\n\n\n<p>3,3 V +    ____________   Pin 17 3,3V+<\/p>\n\n\n\n<p>GND ________________    Pin 20 ou 30 GND<\/p>\n\n\n\n<p>TX ___________________    Pin 10 RX<\/p>\n\n\n\n<p>RX ____________________    Pin 8 TX<\/p>\n\n\n\n<p><strong>Capteur INU __________ RaspBerry<\/strong> <\/p>\n\n\n\n<p>VCC __________ Pin 1 3,3v<\/p>\n\n\n\n<p>GND __________ Pin 9 Ground<\/p>\n\n\n\n<p>SCL __________ Pin 5 SCL<\/p>\n\n\n\n<p>SDA __________ Pin 3 SDA<\/p>\n\n\n\n<p><\/p>\n\n\n\n<p>La carte contr\u00f4leur du moteur est aliment\u00e9e en 12V elle int\u00e8gre optionnellement la commande de Clutch en 12v, une entr\u00e9e vers un potentiom\u00e8tre en 5v pour le capteur d&rsquo;angle de barre  et la sortie de \u00ab\u00a0puissance\u00a0\u00bb en 12v vers le moteur du pilote.<\/p>\n\n\n\n<figure class=\"wp-block-image size-large\"><img loading=\"lazy\" decoding=\"async\" width=\"1024\" height=\"576\" src=\"https:\/\/voiliernana.fr\/wp-content\/uploads\/2023\/09\/20230921_201629-1024x576.jpg\" alt=\"\" class=\"wp-image-894\" srcset=\"https:\/\/voiliernana.fr\/wp-content\/uploads\/2023\/09\/20230921_201629-1024x576.jpg 1024w, https:\/\/voiliernana.fr\/wp-content\/uploads\/2023\/09\/20230921_201629-300x169.jpg 300w, https:\/\/voiliernana.fr\/wp-content\/uploads\/2023\/09\/20230921_201629-768x432.jpg 768w, https:\/\/voiliernana.fr\/wp-content\/uploads\/2023\/09\/20230921_201629-1536x864.jpg 1536w, https:\/\/voiliernana.fr\/wp-content\/uploads\/2023\/09\/20230921_201629-2048x1152.jpg 2048w, https:\/\/voiliernana.fr\/wp-content\/uploads\/2023\/09\/20230921_201629-1568x882.jpg 1568w\" sizes=\"(max-width: 1024px) 100vw, 1024px\" \/><\/figure>\n\n\n\n<p> <\/p>\n\n\n\n<p><strong>Le moteur li\u00e9 au PyPilot: un Raymarine Type 1<\/strong><\/p>\n\n\n\n<figure class=\"wp-block-image size-large\"><img loading=\"lazy\" decoding=\"async\" width=\"1024\" height=\"576\" src=\"https:\/\/voiliernana.fr\/wp-content\/uploads\/2023\/09\/moteur1-1024x576.jpg\" alt=\"\" class=\"wp-image-901\" srcset=\"https:\/\/voiliernana.fr\/wp-content\/uploads\/2023\/09\/moteur1-1024x576.jpg 1024w, https:\/\/voiliernana.fr\/wp-content\/uploads\/2023\/09\/moteur1-300x169.jpg 300w, https:\/\/voiliernana.fr\/wp-content\/uploads\/2023\/09\/moteur1-768x432.jpg 768w, https:\/\/voiliernana.fr\/wp-content\/uploads\/2023\/09\/moteur1-1536x864.jpg 1536w, https:\/\/voiliernana.fr\/wp-content\/uploads\/2023\/09\/moteur1-1568x882.jpg 1568w, https:\/\/voiliernana.fr\/wp-content\/uploads\/2023\/09\/moteur1.jpg 2000w\" sizes=\"(max-width: 1024px) 100vw, 1024px\" \/><\/figure>\n\n\n\n<p>A noter ici que le moteur de \u00ab\u00a0secours\u00a0\u00bb li\u00e9 au PyPilot est un Raymarine de type 1 qui tient ici sans aucun d\u00e9montage du syst\u00e8me principal de moteur et v\u00e9rin B&amp;G.<br>Le potentiom\u00e8tre qui est le capteur d&rsquo;angle de barre li\u00e9 au PyPilot vient s&rsquo;ins\u00e9rer sur l&rsquo;axe du moteur B&amp;G qui sera toujours li\u00e9 a l&rsquo;axe du safran avec moteur B&amp;G \u00ab\u00a0d\u00e9bray\u00e9\u00a0\u00bb.<\/p>\n\n\n\n<p><\/p>\n\n\n\n<figure class=\"wp-block-image size-large\"><img loading=\"lazy\" decoding=\"async\" width=\"1024\" height=\"576\" src=\"https:\/\/voiliernana.fr\/wp-content\/uploads\/2023\/09\/moteur2-1024x576.jpg\" alt=\"\" class=\"wp-image-902\" srcset=\"https:\/\/voiliernana.fr\/wp-content\/uploads\/2023\/09\/moteur2-1024x576.jpg 1024w, https:\/\/voiliernana.fr\/wp-content\/uploads\/2023\/09\/moteur2-300x169.jpg 300w, https:\/\/voiliernana.fr\/wp-content\/uploads\/2023\/09\/moteur2-768x432.jpg 768w, https:\/\/voiliernana.fr\/wp-content\/uploads\/2023\/09\/moteur2-1536x864.jpg 1536w, https:\/\/voiliernana.fr\/wp-content\/uploads\/2023\/09\/moteur2-1568x882.jpg 1568w, https:\/\/voiliernana.fr\/wp-content\/uploads\/2023\/09\/moteur2.jpg 2000w\" sizes=\"(max-width: 1024px) 100vw, 1024px\" \/><\/figure>\n\n\n\n<p>Le v\u00e9rin li\u00e9 au au moteur de \u00ab\u00a0secours\u00a0\u00bb raymarine est facilement d\u00e9montable : il suffit d&rsquo;enlever une goupille pour qu&rsquo;il ne soit plus en prise avec l&rsquo;axe du safran quand le pilote principal B&amp;G fonctionne.<\/p>\n\n\n\n<p><strong>Les essais en mer<\/strong><\/p>\n\n\n\n<figure class=\"wp-block-embed is-type-video is-provider-youtube wp-block-embed-youtube wp-embed-aspect-16-9 wp-has-aspect-ratio\"><div class=\"wp-block-embed__wrapper\">\n<iframe loading=\"lazy\" title=\"Essai PyPilot\" width=\"750\" height=\"422\" src=\"https:\/\/www.youtube.com\/embed\/8Mtg0a8jY_g?feature=oembed\" frameborder=\"0\" allow=\"accelerometer; autoplay; clipboard-write; encrypted-media; gyroscope; picture-in-picture; web-share\" allowfullscreen><\/iframe>\n<\/div><figcaption>Premier essai: Barre contr\u00f4l\u00e9e par PyPilot : 6 heures de navigation avec peu de vent.<\/figcaption><\/figure>\n\n\n\n<p>Les mouvements sont doux et la pr\u00e9cision sur le cap donn\u00e9 parfaite. Avec les bons r\u00e9glages, compar\u00e9 aux pilotes du commerce ce syst\u00e8me de pilote automatique consomme moins d&rsquo;\u00e9nergie.<\/p>\n\n\n\n<p><strong>Param\u00e9trages Pypilot<\/strong><\/p>\n\n\n\n<figure class=\"wp-block-image size-large\"><img loading=\"lazy\" decoding=\"async\" width=\"1024\" height=\"576\" src=\"https:\/\/voiliernana.fr\/wp-content\/uploads\/2023\/09\/20230920_142325-1024x576.jpg\" alt=\"\" class=\"wp-image-921\" srcset=\"https:\/\/voiliernana.fr\/wp-content\/uploads\/2023\/09\/20230920_142325-1024x576.jpg 1024w, https:\/\/voiliernana.fr\/wp-content\/uploads\/2023\/09\/20230920_142325-300x169.jpg 300w, https:\/\/voiliernana.fr\/wp-content\/uploads\/2023\/09\/20230920_142325-768x432.jpg 768w, https:\/\/voiliernana.fr\/wp-content\/uploads\/2023\/09\/20230920_142325-1536x864.jpg 1536w, https:\/\/voiliernana.fr\/wp-content\/uploads\/2023\/09\/20230920_142325-2048x1152.jpg 2048w, https:\/\/voiliernana.fr\/wp-content\/uploads\/2023\/09\/20230920_142325-1568x882.jpg 1568w\" sizes=\"(max-width: 1024px) 100vw, 1024px\" \/><figcaption>Param\u00e9trage des gains (PID) <a href=\"https:\/\/pypilot.org\/wiki\/doku.php?id=tuning_gains\" target=\"_blank\" rel=\"noreferrer noopener\" title=\"voir lien PyPilot tunning_gains\">voir lien PyPilot tunning_gains<\/a><\/figcaption><\/figure>\n\n\n\n<figure class=\"wp-block-image size-large\"><img loading=\"lazy\" decoding=\"async\" width=\"1024\" height=\"746\" src=\"https:\/\/voiliernana.fr\/wp-content\/uploads\/2023\/09\/param1-1024x746.jpg\" alt=\"\" class=\"wp-image-923\" srcset=\"https:\/\/voiliernana.fr\/wp-content\/uploads\/2023\/09\/param1-1024x746.jpg 1024w, https:\/\/voiliernana.fr\/wp-content\/uploads\/2023\/09\/param1-300x219.jpg 300w, https:\/\/voiliernana.fr\/wp-content\/uploads\/2023\/09\/param1-768x559.jpg 768w, https:\/\/voiliernana.fr\/wp-content\/uploads\/2023\/09\/param1-1536x1119.jpg 1536w, https:\/\/voiliernana.fr\/wp-content\/uploads\/2023\/09\/param1-1568x1142.jpg 1568w, https:\/\/voiliernana.fr\/wp-content\/uploads\/2023\/09\/param1.jpg 2000w\" sizes=\"(max-width: 1024px) 100vw, 1024px\" \/><figcaption>Param\u00e9trage moteur: a noter qu&rsquo;on peut d\u00e9finir ici un amp\u00e9rage maxi pour le moteur du pilote (servo.max_current)<br> <a href=\"https:\/\/openplotter.readthedocs.io\/en\/latest\/pypilot\/autopilot.html\" target=\"_blank\" rel=\"noreferrer noopener\">Lien vers les r\u00e9glages de PyPilot via OpenPlotter<\/a><\/figcaption><\/figure>\n\n\n\n<p><strong>Commandes du PyPilot <\/strong><\/p>\n\n\n\n<p>Le contr\u00f4le du pilote (mais aussi son param\u00e9trage) peut se faire directement \u00e0 l&rsquo;\u00e9cran connect\u00e9 au RaspBerry  <strong>+10 +1 -1 -10<\/strong> via le Plugin Open CPN:<\/p>\n\n\n\n<figure class=\"wp-block-image size-large\"><img loading=\"lazy\" decoding=\"async\" width=\"1024\" height=\"549\" src=\"https:\/\/voiliernana.fr\/wp-content\/uploads\/2023\/09\/controle1-1024x549.jpg\" alt=\"\" class=\"wp-image-935\" srcset=\"https:\/\/voiliernana.fr\/wp-content\/uploads\/2023\/09\/controle1-1024x549.jpg 1024w, https:\/\/voiliernana.fr\/wp-content\/uploads\/2023\/09\/controle1-300x161.jpg 300w, https:\/\/voiliernana.fr\/wp-content\/uploads\/2023\/09\/controle1-768x412.jpg 768w, https:\/\/voiliernana.fr\/wp-content\/uploads\/2023\/09\/controle1-1536x824.jpg 1536w, https:\/\/voiliernana.fr\/wp-content\/uploads\/2023\/09\/controle1-1568x841.jpg 1568w, https:\/\/voiliernana.fr\/wp-content\/uploads\/2023\/09\/controle1.jpg 1710w\" sizes=\"(max-width: 1024px) 100vw, 1024px\" \/><\/figure>\n\n\n\n<p>Ce contr\u00f4le du pilote (mais aussi son param\u00e9trage)<strong> peut aussi se faire \u00e0 partir d&rsquo;un smartphone ou d&rsquo;une tablette \u00e0 l&rsquo;ext\u00e9rieur<\/strong> \u00e0 condition que la tablette ou le smartphone utilisent le point d&rsquo;acc\u00e8s wifi fourni par le RaspBerry, dans ce l\u00e0 l&rsquo;adresse locale dans le navigateur est la suivante: http:\/\/10.10.10.1:8000<\/p>\n\n\n\n<figure class=\"wp-block-image size-large\"><img loading=\"lazy\" decoding=\"async\" width=\"1024\" height=\"461\" src=\"https:\/\/voiliernana.fr\/wp-content\/uploads\/2023\/09\/controle2-1024x461.jpg\" alt=\"\" class=\"wp-image-936\" srcset=\"https:\/\/voiliernana.fr\/wp-content\/uploads\/2023\/09\/controle2-1024x461.jpg 1024w, https:\/\/voiliernana.fr\/wp-content\/uploads\/2023\/09\/controle2-300x135.jpg 300w, https:\/\/voiliernana.fr\/wp-content\/uploads\/2023\/09\/controle2-768x346.jpg 768w, https:\/\/voiliernana.fr\/wp-content\/uploads\/2023\/09\/controle2-1536x691.jpg 1536w, https:\/\/voiliernana.fr\/wp-content\/uploads\/2023\/09\/controle2-2048x922.jpg 2048w, https:\/\/voiliernana.fr\/wp-content\/uploads\/2023\/09\/controle2-1568x706.jpg 1568w\" sizes=\"(max-width: 1024px) 100vw, 1024px\" \/><\/figure>\n\n\n\n<p> <\/p>\n\n\n\n<p><strong>Le RaspBerry Centrale de Navigation ?<\/strong><\/p>\n\n\n\n<p>Le RaspBerry peut aussi lui m\u00eame \u00eatre connect\u00e9 au r\u00e9seau nmea du voilier via un multiplexeur \/ routeur wifi. G\u00e9n\u00e9ralement les multiplexeur \/ routeur wifi branch\u00e9s sur un r\u00e9seau NMEA 2000 sortent \u00ab\u00a0en clair\u00a0\u00bb les donn\u00e9es de navigation du voilier en NMEA0183 via TCP ou UDP. Le RaspBerry n&rsquo;a plus qu&rsquo;a se connecter via TCP \u00e0 l&rsquo;adresse IP et au port du routeur wifi ou via UDP au port du routeur wifi. Dans ce cas l\u00e0 les donn\u00e9es fournies au Pypilot sont aussi les donn\u00e9es vent, gps etc&#8230;  avec lesquelles le PyPilot va pouvoir interagir dans diff\u00e9rents modes. Alors le Raspberry utilisant les donn\u00e9es du r\u00e9seau NMEA du voilier: v\u00e9ritable centrale de navigation ? Je serai tent\u00e9 de dire <strong>oui.<\/strong>&#8230;. Je ferai surement un petit article sur ce th\u00e8me RaspBerry et utilisation des donn\u00e9es NMEA avec SignalK prochainement.<\/p>\n\n\n\n<p><\/p>\n\n\n\n<p><strong>Une variante int\u00e9ressante et plus compacte : TinyPilot. <\/strong> <\/p>\n\n\n\n<p>Ici le Raspberry PI 4 est remplac\u00e9 par un Raspberry PI 0 mais le principe reste le m\u00eame: Sur carte \u00ab\u00a0HAT\u00a0\u00bb , capteur inertiel reli\u00e9 au RaspBerry PI 0 qui int\u00e8gre le programme PyPilot pour les calculs et ordres pass\u00e9s \u00e0 la carte contr\u00f4leur du moteur  (m\u00eame carte contr\u00f4leur et donc m\u00eame principe:  arduino nano qui transmet les ordres au pont H qui contr\u00f4le le sens et la puissance  \u00e9lectrique transmise au moteur). Simplement solution plus l\u00e9g\u00e8re qui peut fonctionner de fa\u00e7on autonome sans forcement un moniteur de contr\u00f4le. Dans ce cas le Hat PyPilot poss\u00e8de des connexions pour avoir des boutons physiques  +10 +1  -1 -10 mais aussi un petit r\u00e9cepteur pour une t\u00e9l\u00e9commande infrarouge avec les commandes de base.  On peut aussi se connecter avec du Wifi sur le Raspberry PI 0 qui propose un point d&rsquo;acc\u00e8s avec son adresse IP 192.168.14.1  on peut alors utiliser un navigateur web ou le Plugin OpenCPN sur PC ou Mac  pour passer les ordres au pilote et \u00e9ventuellement modifier les param\u00e8tres de l&rsquo;application PyPilot.<\/p>\n\n\n\n<figure class=\"wp-block-image size-large\"><img loading=\"lazy\" decoding=\"async\" width=\"1024\" height=\"576\" src=\"https:\/\/voiliernana.fr\/wp-content\/uploads\/2023\/09\/tinypilot1-2-1024x576.jpg\" alt=\"\" class=\"wp-image-951\" srcset=\"https:\/\/voiliernana.fr\/wp-content\/uploads\/2023\/09\/tinypilot1-2-1024x576.jpg 1024w, https:\/\/voiliernana.fr\/wp-content\/uploads\/2023\/09\/tinypilot1-2-300x169.jpg 300w, https:\/\/voiliernana.fr\/wp-content\/uploads\/2023\/09\/tinypilot1-2-768x432.jpg 768w, https:\/\/voiliernana.fr\/wp-content\/uploads\/2023\/09\/tinypilot1-2-1536x864.jpg 1536w, https:\/\/voiliernana.fr\/wp-content\/uploads\/2023\/09\/tinypilot1-2-1568x882.jpg 1568w, https:\/\/voiliernana.fr\/wp-content\/uploads\/2023\/09\/tinypilot1-2.jpg 2000w\" sizes=\"(max-width: 1024px) 100vw, 1024px\" \/><\/figure>\n\n\n\n<p>On voit ici que la carte de contr\u00f4le du moteur est la m\u00eame, les connexions vers le moteur du pilote restent donc l\u00e0 inchang\u00e9es. La carte Hat est bas\u00e9e sur un RasBerry PI 0 et elle est connect\u00e9e suivant le m\u00eame sch\u00e9ma qu&rsquo;avec le Raspberry PI 4 (3.3v, GND, TX, RX) sur la carte de contr\u00f4le du moteur.<\/p>\n\n\n\n<figure class=\"wp-block-image size-large\"><img loading=\"lazy\" decoding=\"async\" width=\"1024\" height=\"651\" src=\"https:\/\/voiliernana.fr\/wp-content\/uploads\/2023\/09\/tinypilotHat-1024x651.jpg\" alt=\"\" class=\"wp-image-952\" srcset=\"https:\/\/voiliernana.fr\/wp-content\/uploads\/2023\/09\/tinypilotHat-1024x651.jpg 1024w, https:\/\/voiliernana.fr\/wp-content\/uploads\/2023\/09\/tinypilotHat-300x191.jpg 300w, https:\/\/voiliernana.fr\/wp-content\/uploads\/2023\/09\/tinypilotHat-768x488.jpg 768w, https:\/\/voiliernana.fr\/wp-content\/uploads\/2023\/09\/tinypilotHat-1536x977.jpg 1536w, https:\/\/voiliernana.fr\/wp-content\/uploads\/2023\/09\/tinypilotHat-1568x997.jpg 1568w, https:\/\/voiliernana.fr\/wp-content\/uploads\/2023\/09\/tinypilotHat.jpg 2000w\" sizes=\"(max-width: 1024px) 100vw, 1024px\" \/><\/figure>\n\n\n\n<p><\/p>\n\n\n\n<p><strong>Essai en mer par plus de 20 noeuds de vent<\/strong><\/p>\n\n\n\n<figure class=\"wp-block-embed is-type-video is-provider-youtube wp-block-embed-youtube wp-embed-aspect-16-9 wp-has-aspect-ratio\"><div class=\"wp-block-embed__wrapper\">\n<iframe loading=\"lazy\" title=\"Essai PyPilot TinyPilot par plus de 20 noeuds de vent\" width=\"750\" height=\"422\" src=\"https:\/\/www.youtube.com\/embed\/7qUW4vEDhIs?feature=oembed\" frameborder=\"0\" allow=\"accelerometer; autoplay; clipboard-write; encrypted-media; gyroscope; picture-in-picture; web-share\" allowfullscreen><\/iframe>\n<\/div><figcaption>On constate ici que le PyPilot barre aussi bien qu&rsquo;un Pilote du commerce et merci \u00e0 Jean du voilier Colibri pour son aide pr\u00e9cieuse lors de ces essais. <br>(A noter pour ces essais que les cartes du TinyPilot \u00e9taient scotch\u00e9es avec du scotch double face \u00e0 la table \u00e0 carte, il valait mieux pour que \u00e7a tienne \u00e0 la gite&#8230;.).<\/figcaption><\/figure>\n\n\n\n<p>Tous ces essais m&rsquo;ont permis de largement valider l&rsquo;utilisation du PyPilot en tant que  pilote de secours mais aussi syst\u00e8me de navigation complet avec Open CPN. Je me suis m\u00eame surpris a me dire que si la foudre tombait un jour sur mon voilier et grillait toute l&rsquo;\u00e9lectronique B&amp;G, je serai bien content de sortir cette solution de sa boite&#8230;. Je ne saurai que trop recommander cette solution PyPilot qui a l&rsquo;avantage d&rsquo;\u00eatre Open source et peu couteuse \u00e0 des voiliers qui n&rsquo;ont pas ou plus de syst\u00e8me de navigation ou des vieux syst\u00e8mes marchant mal ou alors comme pour moi en secours, il faut dans ce cas \u00eatre un peu bricoleur et s&rsquo;int\u00e9resser un peu \u00e0 l&rsquo;\u00e9lectronique et \u00e0 l&rsquo;informatique.<\/p>\n\n\n\n<p><strong><a href=\"https:\/\/www.youtube.com\/@VoilierNana\" target=\"_blank\" rel=\"noreferrer noopener\">Lien vers ma chaine Youtube Sailing Nana ou je ne parle pas de technique mais ou je filme principalement les paysages de nos escales en voilier.<\/a><\/strong><\/p>\n\n\n\n<p><\/p>\n\n\n\n<p><strong><a href=\"https:\/\/www.youtube.com\/@voyagefpv\" target=\"_blank\" rel=\"noreferrer noopener\" title=\"Lien vers ma nouvelle chaine Youtube Voyage FPV 100% FPV que pour le plaisir du pilotage des drones FPV que je bricole.\">Lien vers ma nouvelle chaine Youtube Voyage FPV 100% FPV que pour le plaisir du pilotage des drones FPV que je bricole.<\/a><\/strong><\/p>\n\n\n\n<p><\/p>\n","protected":false},"excerpt":{"rendered":"<p>Essais en conditions r\u00e9elles en mer de deux solutions PyPilot (solution peu couteuse open source de contr\u00f4le de pilote automatique) : une bas\u00e9e sur un RaspBerry PI4 et une bas\u00e9e sur un RaspBerry PI0 int\u00e9gr\u00e9 \u00e0 une carte \u00ab\u00a0Hat\u00a0\u00bb. Ces deux solutions int\u00e8grent la m\u00eame carte de contr\u00f4le de puissance vers le moteur du pilote.&hellip; <a class=\"more-link\" href=\"https:\/\/voiliernana.fr\/index.php\/un-pilote-automatique-open-source-a-faible-cout-partie-3\/\">Poursuivre la lecture <span class=\"screen-reader-text\">Un Pilote automatique Open Source \u00e0 faible co\u00fbt Partie 3<\/span><\/a><\/p>\n","protected":false},"author":1,"featured_media":0,"parent":0,"menu_order":0,"comment_status":"closed","ping_status":"closed","template":"","meta":{"_monsterinsights_skip_tracking":false,"_monsterinsights_sitenote_active":false,"_monsterinsights_sitenote_note":"","_monsterinsights_sitenote_category":0,"footnotes":""},"aioseo_notices":[],"_links":{"self":[{"href":"https:\/\/voiliernana.fr\/index.php\/wp-json\/wp\/v2\/pages\/873"}],"collection":[{"href":"https:\/\/voiliernana.fr\/index.php\/wp-json\/wp\/v2\/pages"}],"about":[{"href":"https:\/\/voiliernana.fr\/index.php\/wp-json\/wp\/v2\/types\/page"}],"author":[{"embeddable":true,"href":"https:\/\/voiliernana.fr\/index.php\/wp-json\/wp\/v2\/users\/1"}],"replies":[{"embeddable":true,"href":"https:\/\/voiliernana.fr\/index.php\/wp-json\/wp\/v2\/comments?post=873"}],"version-history":[{"count":48,"href":"https:\/\/voiliernana.fr\/index.php\/wp-json\/wp\/v2\/pages\/873\/revisions"}],"predecessor-version":[{"id":986,"href":"https:\/\/voiliernana.fr\/index.php\/wp-json\/wp\/v2\/pages\/873\/revisions\/986"}],"wp:attachment":[{"href":"https:\/\/voiliernana.fr\/index.php\/wp-json\/wp\/v2\/media?parent=873"}],"curies":[{"name":"wp","href":"https:\/\/api.w.org\/{rel}","templated":true}]}}