{"id":185,"date":"2021-11-18T08:42:40","date_gmt":"2021-11-18T07:42:40","guid":{"rendered":"https:\/\/voiliernana.fr\/?page_id=185"},"modified":"2024-04-29T15:50:52","modified_gmt":"2024-04-29T13:50:52","slug":"nous","status":"publish","type":"page","link":"https:\/\/voiliernana.fr\/index.php\/nous\/","title":{"rendered":"Nous"},"content":{"rendered":"\n<p>Ayant gout\u00e9 \u00e0 la voile depuis mon enfance, chaque fois que je croisais un voilier habitable, un vieux r\u00eave de \u00ab\u00a0libert\u00e9\u00a0\u00bb resurgissait et je me disais :  \u00ab\u00a0un jour j&rsquo;en aurai un&#8230;\u00a0\u00bb. Chose faite en 2008 : mon premier voilier un First 30, puis en 2013 un voilier plus rapide et moderne: un Malango 10.45. Ces derni\u00e8res ann\u00e9es, nous avons un peu bourlingu\u00e9 en m\u00e9diterran\u00e9e et plus particuli\u00e8rement 5 saisons de 6 mois en Gr\u00e8ce.<\/p>\n\n\n\n<p>Apr\u00e8s ces ann\u00e9es de longues balades en voilier,  plusieurs certitudes: on aime la vie \u00e0 bord d&rsquo;un voilier et la libert\u00e9 qui l&rsquo;accompagne. Nous aimons la Gr\u00e8ce et on y retournera un jour, mais \u00e0 la retraite nous avons encore plus de temps et envie d&rsquo;aller voir ailleurs&#8230;<\/p>\n\n\n\n<p>Pour partir plus loin et plus longtemps il nous faut un voilier qui passe mieux la grosse mer. Il doit \u00eatre plus grand et donc plus rapide mais surtout solide et confortable: un Dehler 42.    <a href=\"https:\/\/youtu.be\/Ddg1PDEfwco\" target=\"_blank\" rel=\"noreferrer noopener\" title=\"https:\/\/youtu.be\/Ddg1PDEfwco\">Vid\u00e9o premi\u00e8re sortie sur le Dehler 42<\/a><\/p>\n\n\n\n<p>Pourquoi \u00ab\u00a0voiliernana\u00a0\u00bb ? Notre nouveau voilier s&rsquo;appelle \u00ab\u00a0nana\u00a0\u00bb car c&rsquo;est le nom que donnent les petits enfants \u00e0 ma m\u00e8re qui a particip\u00e9 \u00e0 l&rsquo;achat de ce beau voilier. Dans ce nom un clin d&rsquo;\u0153il et un remerciement  \u00e0 ma m\u00e8re qui suit nos longues balades en voilier.<\/p>\n\n\n\n<p>Jo\u00eblle aime de la m\u00eame fa\u00e7on que moi la vie \u00e0 bord d&rsquo;un voilier synonyme de libert\u00e9. Aucun plan \u00e0 l&rsquo;avance, juste des routes qu&rsquo;on a envie de suivre quelques temps, une transatlantique et un tour du monde peut \u00eatre&#8230; Pour le moment d\u00e8s le mois de Juin 2022 direction la Gr\u00e8ce puis \u00e0 l&rsquo;automne Gibraltar, les \u00eeles Canaries et apr\u00e8s on verra.<\/p>\n\n\n\n<p>Aucun grand plan d\u00e9fini \u00e0 l&rsquo;avance, juste une profonde envie commune de larguer les amarres. On sait donc quand on part mais on ne sait pas quand on revient&#8230;<\/p>\n\n\n\n<p><strong>Pourquoi partir ?<\/strong><\/p>\n\n\n\n<p>Demain , c&rsquo;est le jour j ,on largue tout, on part vivre et voyager sur notre voilier. Plus de voiture, plus de maison, moins de charges li\u00e9es \u00e0 tout ces petits conforts de la vie terrestre.<\/p>\n\n\n\n<p>Grande aventure ? Non. Les vrais aventuriers sont ceux qui partent en laissant tout derri\u00e8re eux ou ce sont ceux qui repoussent leurs limites \u00e0 la bordure du danger.<\/p>\n\n\n\n<p>Aventure calcul\u00e9e ? Oui&nbsp; car on ne se l\u00e2che pas des deux mains, Jo\u00eblle loue sa maison, moi \u00ab\u00a0jeune\u00a0\u00bb retrait\u00e9 je loue mon appartement sur airbnb en bord de mer avec possibilit\u00e9 d&rsquo;y retourner un jour.<\/p>\n\n\n\n<p>Il s&rsquo;agit simplement d&rsquo;un choix de vie commun avec plus de libert\u00e9, une vie diff\u00e9rente qu&rsquo;on aime et qu&rsquo;on a eu le temps d&rsquo;apprendre dans nos longs s\u00e9jours en Gr\u00e8ce ces derni\u00e8res ann\u00e9es \u00e0 bord de mon voilier. Plus de libert\u00e9: oui.&nbsp; Moins d&rsquo;attaches avec plein d&rsquo;objets de terriens que l&rsquo;on amasse&nbsp;dans nos maisons, qui bien souvent ne servent \u00e0 rien. L\u00e0 dans le voilier on embarque le strict n\u00e9cessaire. On part \u00ab\u00a0l\u00e9gers\u00a0\u00bb et nomades.&nbsp; Vie de nomades o\u00f9 l&rsquo;on va o\u00f9 l&rsquo;on veut au gr\u00e9 de nos envies et du vent. Une seule contrainte: la m\u00e9t\u00e9o, mais&nbsp;l\u00e0 encore de nos jours les risques sont calcul\u00e9s car les&nbsp;pr\u00e9visions m\u00e9t\u00e9o sont pr\u00e9cises et fiables. Il suffit de savoir jouer avec des fichiers grib m\u00e9t\u00e9o et des logiciels de routage, cela m&rsquo;amuse. Bref une grande libert\u00e9 contrainte quelquefois par la strat\u00e9gie m\u00e9t\u00e9o&#8230;<\/p>\n\n\n\n<p>Partir loin et longtemps sur un voilier c&rsquo;est un vieux r\u00eave que j&rsquo;ai en moi depuis enfant. Cette petite r\u00e9daction en cm2 o\u00f9 notre institutrice nous demandait d&rsquo;\u00e9crire une aventure conserv\u00e9e pr\u00e9cieusement par ma maman dans sa bo\u00eete \u00e0 souvenirs est \u00e0 l&rsquo;image d&rsquo;un vieux r\u00eave qui m&rsquo;a toujours habit\u00e9.&nbsp; Je n&rsquo;ai jamais \u00e9t\u00e9&nbsp; berc\u00e9 par les r\u00e9cits de Moitessier, Tabarly ou d&rsquo;autres grands navigateurs mais seulement par mes propres r\u00eaves.&nbsp;<\/p>\n\n\n\n<figure class=\"wp-block-image size-full is-resized\"><img loading=\"lazy\" decoding=\"async\" width=\"451\" height=\"620\" src=\"https:\/\/voiliernana.fr\/wp-content\/uploads\/2022\/05\/disertP1.jpg\" alt=\"\" class=\"wp-image-456\" style=\"width:578px;height:794px\" srcset=\"https:\/\/voiliernana.fr\/wp-content\/uploads\/2022\/05\/disertP1.jpg 451w, https:\/\/voiliernana.fr\/wp-content\/uploads\/2022\/05\/disertP1-218x300.jpg 218w\" sizes=\"(max-width: 451px) 100vw, 451px\" \/><\/figure>\n\n\n\n<figure class=\"wp-block-image size-full is-resized\"><img loading=\"lazy\" decoding=\"async\" width=\"427\" height=\"619\" src=\"https:\/\/voiliernana.fr\/wp-content\/uploads\/2022\/05\/disertP2.jpg\" alt=\"\" class=\"wp-image-457\" style=\"width:576px;height:835px\" srcset=\"https:\/\/voiliernana.fr\/wp-content\/uploads\/2022\/05\/disertP2.jpg 427w, https:\/\/voiliernana.fr\/wp-content\/uploads\/2022\/05\/disertP2-207x300.jpg 207w\" sizes=\"(max-width: 427px) 100vw, 427px\" \/><\/figure>\n\n\n\n<p><\/p>\n\n\n\n<p><strong>Pourquoi un Blog et une chaine&nbsp;YouTube&nbsp; ?<\/strong><\/p>\n\n\n\n<p>Principalement pour que nos proches et amis nous suivent et archiver nos souvenirs de voyage. A vrai dire le nombre de vues n&rsquo;est pas trop ma pr\u00e9occupation. Je filmerai \u00e0 ma fa\u00e7on souvent avec des drones sans trop filmer notre vie \u00e0 bord.<\/p>\n\n\n\n<p>De nos jours les cha\u00eenes YouTube fleurissent o\u00f9 les gens filment leur quotidien \u00e0\u00a0 bord de leurs voiliers et leurs navigations , il \u00e0 du bon avec l&rsquo;inimitable et tr\u00e8s sympathique Tabascopierro  qui a un style m\u00e9diterran\u00e9en bien \u00e0 lui.\u00a0 TabascoPierro je te salue !\u00a0 Dans les ann\u00e9es qui viennent nos routes risquent de croiser. Ces cha\u00eenes de vie \u00e0 bord et navigation film\u00e9es \u00ab\u00a0cash\u00a0\u00bb, ont le m\u00e9rite de proposer des moments sans artifice souvent assez sympathiques, il y en a plein comme Alain Auboiroux, Maserval et bien d&rsquo;autres que je ne citerai pas. Mais il y a aussi d&rsquo;autres cha\u00eenes\u00a0avec du moins bon, avec un certain voyeurisme ou pire \u00e0 la recherche du sensationnel qui ne l&rsquo;est pas, ou des bimbos en image d&rsquo;accueil pour faire de l&rsquo;audimat&#8230;. Reste tous les tutoriels film\u00e9s\u00a0 souvent int\u00e9ressants dans lesquels on peut puiser quelques bonnes id\u00e9es.<br>Nos moments de vie \u00e0 bord et nos longues navigations avec des moments plus ou moins faciles nous appartiennent je veux les garder pour nous et ne les enfermer que dans notre souvenir.\u00a0 Afin de pr\u00e9server notre intimit\u00e9 et une certaine libert\u00e9, je ne\u00a0 filmerai donc pas notre vie \u00e0 bord. H\u00e9las pour les curieux, je ne raconterai donc pas d&rsquo;histoires; notre histoire.\u00a0 Mes petites vid\u00e9os sont juste l\u00e0 pour le plaisir de filmer des paysages qu&rsquo;on traverse ou que je survole avec mes drones. Des clips vid\u00e9os jamais tr\u00e8s longs juste accompagn\u00e9s de musiques que j&rsquo;aime qui nous rappellent des endroits qu&rsquo;on a aim\u00e9.<\/p>\n\n\n\n<p><br>Le blog est constitu\u00e9 de 3 volets:  1 Des liens vers des photos ou des vid\u00e9os YouTube accompagn\u00e9s de notre trac\u00e9 GPS qui rappellent la chronologie des paysages et \u00eeles travers\u00e9es. 2 Quelques r\u00e9flexions de temps en temps.  3 Un coin \u00ab\u00a0bidouille\u00a0\u00bb informatique \u00e0 bord et bricolage de drones,&nbsp; l&rsquo;informatique mon ancien m\u00e9tier d&rsquo;ing\u00e9nieur. Les drones, des joujoux remplis de technologie amusante que j&rsquo;aime bricoler et avec lesquels j&rsquo;aime souvent filmer en mode FPV.<\/p>\n\n\n\n<p>Chaine YouTube de votre voyage en voilier : <a href=\"https:\/\/www.youtube.com\/@VoilierNana\" target=\"_blank\" rel=\"noreferrer noopener\">https:\/\/www.youtube.com\/@VoilierNana<\/a><\/p>\n\n\n\n<p>Chaine YouTube de Drone FPV  :<a href=\"https:\/\/www.youtube.com\/@voyagefpv\" title=\"\"> https:\/\/www.youtube.com\/@voyagefpv<\/a><\/p>\n\n\n\n<p>Nous contacter : yves.curel@gmail.com<\/p>\n\n\n\n<p><\/p>\n\n\n\n<p><\/p>\n","protected":false},"excerpt":{"rendered":"<p>Ayant gout\u00e9 \u00e0 la voile depuis mon enfance, chaque fois que je croisais un voilier habitable, un vieux r\u00eave de \u00ab\u00a0libert\u00e9\u00a0\u00bb resurgissait et je me disais : \u00ab\u00a0un jour j&rsquo;en aurai un&#8230;\u00a0\u00bb. Chose faite en 2008 : mon premier voilier un First 30, puis en 2013 un voilier plus rapide et moderne: un Malango 10.45.&hellip; <a class=\"more-link\" href=\"https:\/\/voiliernana.fr\/index.php\/nous\/\">Poursuivre la lecture <span class=\"screen-reader-text\">Nous<\/span><\/a><\/p>\n","protected":false},"author":1,"featured_media":0,"parent":0,"menu_order":0,"comment_status":"closed","ping_status":"closed","template":"","meta":{"_monsterinsights_skip_tracking":false,"_monsterinsights_sitenote_active":false,"_monsterinsights_sitenote_note":"","_monsterinsights_sitenote_category":0,"footnotes":""},"aioseo_notices":[],"_links":{"self":[{"href":"https:\/\/voiliernana.fr\/index.php\/wp-json\/wp\/v2\/pages\/185"}],"collection":[{"href":"https:\/\/voiliernana.fr\/index.php\/wp-json\/wp\/v2\/pages"}],"about":[{"href":"https:\/\/voiliernana.fr\/index.php\/wp-json\/wp\/v2\/types\/page"}],"author":[{"embeddable":true,"href":"https:\/\/voiliernana.fr\/index.php\/wp-json\/wp\/v2\/users\/1"}],"replies":[{"embeddable":true,"href":"https:\/\/voiliernana.fr\/index.php\/wp-json\/wp\/v2\/comments?post=185"}],"version-history":[{"count":24,"href":"https:\/\/voiliernana.fr\/index.php\/wp-json\/wp\/v2\/pages\/185\/revisions"}],"predecessor-version":[{"id":1215,"href":"https:\/\/voiliernana.fr\/index.php\/wp-json\/wp\/v2\/pages\/185\/revisions\/1215"}],"wp:attachment":[{"href":"https:\/\/voiliernana.fr\/index.php\/wp-json\/wp\/v2\/media?parent=185"}],"curies":[{"name":"wp","href":"https:\/\/api.w.org\/{rel}","templated":true}]}}