{"id":1250,"date":"2025-02-25T02:42:29","date_gmt":"2025-02-25T01:42:29","guid":{"rendered":"https:\/\/voiliernana.fr\/?page_id=1250"},"modified":"2025-09-08T12:47:26","modified_gmt":"2025-09-08T10:47:26","slug":"navistep-cest-quoi","status":"publish","type":"page","link":"https:\/\/voiliernana.fr\/index.php\/navistep-cest-quoi\/","title":{"rendered":"Navistep c&rsquo;est quoi"},"content":{"rendered":"\n<p>Ce tracker GPS permet de partager nos trajets de voyage en temps r\u00e9el sur internet avec des personnes qui nous suivent. Id\u00e9al pour un long voyage en toute s\u00e9curit\u00e9, par exemple pour le suivi sur internet par nos amis lors d&rsquo;une transatlantique.<br>Avec l&rsquo;av\u00e8nement d\u2019op\u00e9rateurs comme Starlink et d&rsquo;autres operateurs qui viendront par la suite et avec cette utilisation d&rsquo;internet haut d\u00e9bit en itin\u00e9rance o\u00f9 que l&rsquo;on soit en d\u00e9placement dans le monde, on peut d\u00e8s maintenant utiliser un tracker GPS coupl\u00e9 a notre r\u00e9seau internet en itin\u00e9rance. De plus ce tracker navistep assure aussi notre s\u00e9curit\u00e9 au mouillage.<\/p>\n\n\n\n<p><strong>Adieu les trackers pour les longues travers\u00e9es bas\u00e9s sur l&rsquo;iridium qui est devenu une solution techniquement tr\u00e8s couteuse et obsol\u00e8te.<\/strong><\/p>\n\n\n\n<p><strong>Bonjour Navistep :  <a href=\"https:\/\/navistep.net\" target=\"_blank\" rel=\"noopener\" title=\"\">https:\/\/navistep.net<\/a><\/strong><\/p>\n\n\n\n<p><\/p>\n\n\n\n<p><\/p>\n","protected":false},"excerpt":{"rendered":"<p>Ce tracker GPS permet de partager nos trajets de voyage en temps r\u00e9el sur internet avec des personnes qui nous suivent. Id\u00e9al pour un long voyage en toute s\u00e9curit\u00e9, par exemple pour le suivi sur internet par nos amis lors d&rsquo;une transatlantique.Avec l&rsquo;av\u00e8nement d\u2019op\u00e9rateurs comme Starlink et d&rsquo;autres operateurs qui viendront par la suite et&hellip; <a class=\"more-link\" href=\"https:\/\/voiliernana.fr\/index.php\/navistep-cest-quoi\/\">Poursuivre la lecture <span class=\"screen-reader-text\">Navistep c&rsquo;est quoi<\/span><\/a><\/p>\n","protected":false},"author":1,"featured_media":0,"parent":0,"menu_order":0,"comment_status":"closed","ping_status":"closed","template":"","meta":{"_monsterinsights_skip_tracking":false,"_monsterinsights_sitenote_active":false,"_monsterinsights_sitenote_note":"","_monsterinsights_sitenote_category":0,"footnotes":""},"aioseo_notices":[],"_links":{"self":[{"href":"https:\/\/voiliernana.fr\/index.php\/wp-json\/wp\/v2\/pages\/1250"}],"collection":[{"href":"https:\/\/voiliernana.fr\/index.php\/wp-json\/wp\/v2\/pages"}],"about":[{"href":"https:\/\/voiliernana.fr\/index.php\/wp-json\/wp\/v2\/types\/page"}],"author":[{"embeddable":true,"href":"https:\/\/voiliernana.fr\/index.php\/wp-json\/wp\/v2\/users\/1"}],"replies":[{"embeddable":true,"href":"https:\/\/voiliernana.fr\/index.php\/wp-json\/wp\/v2\/comments?post=1250"}],"version-history":[{"count":9,"href":"https:\/\/voiliernana.fr\/index.php\/wp-json\/wp\/v2\/pages\/1250\/revisions"}],"predecessor-version":[{"id":1315,"href":"https:\/\/voiliernana.fr\/index.php\/wp-json\/wp\/v2\/pages\/1250\/revisions\/1315"}],"wp:attachment":[{"href":"https:\/\/voiliernana.fr\/index.php\/wp-json\/wp\/v2\/media?parent=1250"}],"curies":[{"name":"wp","href":"https:\/\/api.w.org\/{rel}","templated":true}]}}